{"id":245,"date":"2019-07-24T12:42:40","date_gmt":"2019-07-24T10:42:40","guid":{"rendered":"http:\/\/www.teutenhofer.com\/impressum\/"},"modified":"2024-09-16T14:46:08","modified_gmt":"2024-09-16T12:46:08","slug":"imprint","status":"publish","type":"page","link":"https:\/\/www.teutenhofer.com\/it\/imprint\/","title":{"rendered":"Imprint"},"content":{"rendered":"\n<h1 class=\"wp-block-heading\">Imprint<\/h1>\n\n\n\n<h2 class=\"wp-block-heading\">Vacanze al maso in mezzo alla natura <\/h2>\n\n\n\n<p>Teutenhofer Hof<br>Josef-Telser-Str. 1<br>39040 Veltruno<br> M <a href=\"tel:+393494497013\">+39 3494497013<\/a><br><a href=\"https:\/\/www.teutenhofer.com\/\">www.teutenhofer.com<\/a><br><a href=\"mailto:info@teutenhofer.com\">info@teutenhofer.com<\/a><br>Part. IVA: 02820690218<br>Cod. fisc. DRFHNS82H28B160T<br>Cod. dest.: 7035UR5<br>Numero CIN: IT021116B5TVXB4HQU<\/p>\n\n\n\n<p>Camera di commercio: Bolzano<br>Numero iscrizione camera di commercio: 02820690218<br>Nummero REA:&nbsp; BZ-208502<br>Legale rappresentante:  Hannes Dorfmann <\/p>\n\n\n\n<p><strong>Copyright per le immagini e grafiche utilizzate:<\/strong><br>Helmuth Rier<br>Filz Alex<br>IDM S\u00fcdtirol\/trickytine<br>Helmut Moling <\/p>\n\n\n\n<p><strong>Risoluzione delle controversie<\/strong><br>Informazioni obbligatorie ai sensi del Regolamento UE n. 524\/2013 del Parlamento e Consiglio europeo. Piattaforma per la risoluzione online delle controversie (ODR) della Commissione europea: https:\/\/ec.europa.eu\/consumers\/odr\/main\/?event=main.trader.register<\/p>\n\n\n\n<p><strong>Concetto e realizzazione<\/strong><br> MUWit d. Sandra Stablum<br> Citt\u00e0 Alta 60<br> 39043 Chiusa (BZ)<br> Tel. +39 347 1330206<br> Part. IVA: IT02730810211<br>Cod. fisc. STB SDR 88 A44 B160 S<br><a href=\"mailto:info@muwit.it\"> info@muwit.it<\/a><br> <a rel=\"noreferrer noopener\" aria-label=\"www.muwit.it (\u00f6ffnet in neuem Tab)\" href=\"http:\/\/www.muwit.it\" target=\"_blank\">www.muwit.it<\/a><\/p>\n\n\n\n<p><strong>Responsabile per il contenuto:<\/strong><br>Manuela Weiss<\/p>\n\n\n\n<p><strong>Dichiarazione liberatoria:<\/strong><\/p>\n\n\n\n<p><strong>Responsabilit\u00e0 per i contenuti<\/strong><br>I contenuti delle nostre pagine sono stati redatti, elaborati e controllati scrupolosamente. Tuttavia, non ci assumiamo nessuna responsabilit\u00e0 per la correttezza, qualit\u00e0, completezza e attualit\u00e0 dei contenuti, poich\u00e9 non \u00e8 da escludere che siano cambiati nel tempo. Come prestatori di servizi siamo responsabili per i contenuti di queste pagine in base alla normativa vigente. Nella nostra qualit\u00e0 di prestatori di servizi non siamo per\u00f2 obbligati a controllare l\u2019esattezza di informazioni ricevute o salvate da terzi, o a controllare se sussistano irregolarit\u00e0 che indichino un\u2019attivit\u00e0 illegale. L\u2019obbligo di rimuovere o bloccare l\u2019utilizzo di informazioni secondo la normativa vigente rimane valido. L\u2019assunzione di tale responsabilit\u00e0 \u00e8 tuttavia possibile solamente dopo il momento dell\u2019effettivo riconoscimento da parte nostra di una concreta violazione di diritto. Alla presa d\u2019atto di tali violazioni di legge provvederemo immediatamente alla rimozione dei contenuti in questione.<br> Si escludono di principio le rivendicazioni di responsabilit\u00e0 di qualsiasi tipo causate dall\u2019utilizzo di informazioni messe a disposizione, oppure da informazioni errate e\/o incomplete.<\/p>\n\n\n\n<p><strong>Responsabilit\u00e0 per i link<\/strong><br>La nostra offerta contiene dei collegamenti ipertestuali con siti web esterni di terzi, sui cui contenuti non possiamo influire. Per questo motivo non forniamo nessuna garanzia sui contenuti dei siti web linkati, indipendentemente dal tipo e dalla natura. Ne \u00e8 responsabile solamente il relativo proprietario o gestore del sito. Un controllo permanente dei contenuti dei siti linkati al presente non \u00e8 fattibile senza concreti punti di riferimento. All\u2019avvenuta conoscenza d\u2019infrazioni contro la legge causate dai siti web linkati, i link in questione saranno subito rimossi.<\/p>\n\n\n\n<p><strong>Copyright<\/strong><br>Tutti i contenuti e le opere creati dal web designer e dai gestori del sito sono protetti da copyright. La riproduzione, l\u2019alterazione, la distribuzione e qualsiasi forma di utilizzo, soprattutto per scopi commerciali, al di fuori dei limiti del diritto d\u2019autore, sono severamente vietate e ammesse esclusivamente previa autorizzazione scritta del relativo autore o creatore. Nel caso i contenuti di questa pagina non siano stati creati dal gestore, sono da rispettare i diritti di copyright di terzi. I contenuti redatti da terzi sono contrassegnati come tali. In caso doveste notare una violazione del copyright, vi preghiamo gentilmente di farci pervenire un\u2019apposita segnalazione. All\u2019atto di presa di conoscenza di tali violazioni di legge, i contenuti in questione saranno naturalmente rimossi subito, senza per\u00f2 assumerne nessuna responsabilit\u00e0.<\/p>\n","protected":false},"excerpt":{"rendered":"<p>Imprint Vacanze al maso in mezzo alla natura Teutenhofer HofJosef-Telser-Str. 139040 Veltruno M +39 3494497013www.teutenhofer.cominfo@teutenhofer.comPart. IVA: 02820690218Cod. fisc. DRFHNS82H28B160TCod. dest.: 7035UR5Numero CIN: IT021116B5TVXB4HQU Camera di commercio:<span class=\"excerpt-hellip\"> [\u2026]<\/span><\/p>\n","protected":false},"author":1,"featured_media":0,"parent":0,"menu_order":0,"comment_status":"closed","ping_status":"closed","template":"","meta":{"_monsterinsights_skip_tracking":false,"_monsterinsights_sitenote_active":false,"_monsterinsights_sitenote_note":"","_monsterinsights_sitenote_category":0,"footnotes":""},"class_list":["post-245","page","type-page","status-publish","hentry"],"yoast_head":"<!-- This site is optimized with the Yoast SEO plugin v27.3 - https:\/\/yoast.com\/product\/yoast-seo-wordpress\/ -->\n<title>Urlaub auf dem Bauernhof in Feldthurns &gt; Teutenhofer<\/title>\n<meta name=\"description\" content=\"Urlaub auf dem Bauernhof in Feldthurns, wo die Natur ganz nah ist. Ferien f\u00fcr die ganze Familie in den neuen Ferienwohnungen beim Teutenhofer. Schau rein!\" \/>\n<meta name=\"robots\" content=\"index, follow, max-snippet:-1, max-image-preview:large, max-video-preview:-1\" \/>\n<link rel=\"canonical\" href=\"https:\/\/www.teutenhofer.com\/impressum\/\" \/>\n<meta property=\"og:locale\" content=\"it_IT\" \/>\n<meta property=\"og:type\" content=\"article\" \/>\n<meta property=\"og:title\" content=\"Urlaub auf dem Bauernhof in Feldthurns &gt; Teutenhofer\" \/>\n<meta property=\"og:description\" content=\"Urlaub auf dem Bauernhof in Feldthurns, wo die Natur ganz nah ist. Ferien f\u00fcr die ganze Familie in den neuen Ferienwohnungen beim Teutenhofer. Schau rein!\" \/>\n<meta property=\"og:url\" content=\"https:\/\/www.teutenhofer.com\/impressum\/\" \/>\n<meta property=\"og:site_name\" content=\"Teutenhofer\" \/>\n<meta property=\"article:modified_time\" content=\"2024-09-16T12:46:08+00:00\" \/>\n<meta name=\"twitter:card\" content=\"summary_large_image\" \/>\n<meta name=\"twitter:label1\" content=\"Tempo di lettura stimato\" \/>\n\t<meta name=\"twitter:data1\" content=\"3 minuti\" \/>\n<script type=\"application\/ld+json\" class=\"yoast-schema-graph\">{\"@context\":\"https:\\\/\\\/schema.org\",\"@graph\":[{\"@type\":\"WebPage\",\"@id\":\"https:\\\/\\\/www.teutenhofer.com\\\/impressum\\\/\",\"url\":\"https:\\\/\\\/www.teutenhofer.com\\\/impressum\\\/\",\"name\":\"Urlaub auf dem Bauernhof in Feldthurns > Teutenhofer\",\"isPartOf\":{\"@id\":\"https:\\\/\\\/www.teutenhofer.com\\\/#website\"},\"datePublished\":\"2019-07-24T10:42:40+00:00\",\"dateModified\":\"2024-09-16T12:46:08+00:00\",\"description\":\"Urlaub auf dem Bauernhof in Feldthurns, wo die Natur ganz nah ist. Ferien f\u00fcr die ganze Familie in den neuen Ferienwohnungen beim Teutenhofer. Schau rein!\",\"breadcrumb\":{\"@id\":\"https:\\\/\\\/www.teutenhofer.com\\\/impressum\\\/#breadcrumb\"},\"inLanguage\":\"it-IT\",\"potentialAction\":[{\"@type\":\"ReadAction\",\"target\":[\"https:\\\/\\\/www.teutenhofer.com\\\/impressum\\\/\"]}]},{\"@type\":\"BreadcrumbList\",\"@id\":\"https:\\\/\\\/www.teutenhofer.com\\\/impressum\\\/#breadcrumb\",\"itemListElement\":[{\"@type\":\"ListItem\",\"position\":1,\"name\":\"Startseite\",\"item\":\"https:\\\/\\\/www.teutenhofer.com\\\/\"},{\"@type\":\"ListItem\",\"position\":2,\"name\":\"Imprint\"}]},{\"@type\":\"WebSite\",\"@id\":\"https:\\\/\\\/www.teutenhofer.com\\\/#website\",\"url\":\"https:\\\/\\\/www.teutenhofer.com\\\/\",\"name\":\"Teutenhofer\",\"description\":\"Urlaub auf dem Bauernhof\",\"publisher\":{\"@id\":\"https:\\\/\\\/www.teutenhofer.com\\\/#organization\"},\"potentialAction\":[{\"@type\":\"SearchAction\",\"target\":{\"@type\":\"EntryPoint\",\"urlTemplate\":\"https:\\\/\\\/www.teutenhofer.com\\\/?s={search_term_string}\"},\"query-input\":{\"@type\":\"PropertyValueSpecification\",\"valueRequired\":true,\"valueName\":\"search_term_string\"}}],\"inLanguage\":\"it-IT\"},{\"@type\":\"Organization\",\"@id\":\"https:\\\/\\\/www.teutenhofer.com\\\/#organization\",\"name\":\"Teutenhofer\",\"url\":\"https:\\\/\\\/www.teutenhofer.com\\\/\",\"logo\":{\"@type\":\"ImageObject\",\"inLanguage\":\"it-IT\",\"@id\":\"https:\\\/\\\/www.teutenhofer.com\\\/#\\\/schema\\\/logo\\\/image\\\/\",\"url\":\"https:\\\/\\\/www.teutenhofer.com\\\/wp-content\\\/uploads\\\/logo_sticky.png\",\"contentUrl\":\"https:\\\/\\\/www.teutenhofer.com\\\/wp-content\\\/uploads\\\/logo_sticky.png\",\"width\":500,\"height\":113,\"caption\":\"Teutenhofer\"},\"image\":{\"@id\":\"https:\\\/\\\/www.teutenhofer.com\\\/#\\\/schema\\\/logo\\\/image\\\/\"}}]}<\/script>\n<!-- \/ Yoast SEO plugin. -->","yoast_head_json":{"title":"Urlaub auf dem Bauernhof in Feldthurns > Teutenhofer","description":"Urlaub auf dem Bauernhof in Feldthurns, wo die Natur ganz nah ist. Ferien f\u00fcr die ganze Familie in den neuen Ferienwohnungen beim Teutenhofer. Schau rein!","robots":{"index":"index","follow":"follow","max-snippet":"max-snippet:-1","max-image-preview":"max-image-preview:large","max-video-preview":"max-video-preview:-1"},"canonical":"https:\/\/www.teutenhofer.com\/impressum\/","og_locale":"it_IT","og_type":"article","og_title":"Urlaub auf dem Bauernhof in Feldthurns > Teutenhofer","og_description":"Urlaub auf dem Bauernhof in Feldthurns, wo die Natur ganz nah ist. Ferien f\u00fcr die ganze Familie in den neuen Ferienwohnungen beim Teutenhofer. Schau rein!","og_url":"https:\/\/www.teutenhofer.com\/impressum\/","og_site_name":"Teutenhofer","article_modified_time":"2024-09-16T12:46:08+00:00","twitter_card":"summary_large_image","twitter_misc":{"Tempo di lettura stimato":"3 minuti"},"schema":{"@context":"https:\/\/schema.org","@graph":[{"@type":"WebPage","@id":"https:\/\/www.teutenhofer.com\/impressum\/","url":"https:\/\/www.teutenhofer.com\/impressum\/","name":"Urlaub auf dem Bauernhof in Feldthurns > Teutenhofer","isPartOf":{"@id":"https:\/\/www.teutenhofer.com\/#website"},"datePublished":"2019-07-24T10:42:40+00:00","dateModified":"2024-09-16T12:46:08+00:00","description":"Urlaub auf dem Bauernhof in Feldthurns, wo die Natur ganz nah ist. Ferien f\u00fcr die ganze Familie in den neuen Ferienwohnungen beim Teutenhofer. Schau rein!","breadcrumb":{"@id":"https:\/\/www.teutenhofer.com\/impressum\/#breadcrumb"},"inLanguage":"it-IT","potentialAction":[{"@type":"ReadAction","target":["https:\/\/www.teutenhofer.com\/impressum\/"]}]},{"@type":"BreadcrumbList","@id":"https:\/\/www.teutenhofer.com\/impressum\/#breadcrumb","itemListElement":[{"@type":"ListItem","position":1,"name":"Startseite","item":"https:\/\/www.teutenhofer.com\/"},{"@type":"ListItem","position":2,"name":"Imprint"}]},{"@type":"WebSite","@id":"https:\/\/www.teutenhofer.com\/#website","url":"https:\/\/www.teutenhofer.com\/","name":"Teutenhofer","description":"Urlaub auf dem Bauernhof","publisher":{"@id":"https:\/\/www.teutenhofer.com\/#organization"},"potentialAction":[{"@type":"SearchAction","target":{"@type":"EntryPoint","urlTemplate":"https:\/\/www.teutenhofer.com\/?s={search_term_string}"},"query-input":{"@type":"PropertyValueSpecification","valueRequired":true,"valueName":"search_term_string"}}],"inLanguage":"it-IT"},{"@type":"Organization","@id":"https:\/\/www.teutenhofer.com\/#organization","name":"Teutenhofer","url":"https:\/\/www.teutenhofer.com\/","logo":{"@type":"ImageObject","inLanguage":"it-IT","@id":"https:\/\/www.teutenhofer.com\/#\/schema\/logo\/image\/","url":"https:\/\/www.teutenhofer.com\/wp-content\/uploads\/logo_sticky.png","contentUrl":"https:\/\/www.teutenhofer.com\/wp-content\/uploads\/logo_sticky.png","width":500,"height":113,"caption":"Teutenhofer"},"image":{"@id":"https:\/\/www.teutenhofer.com\/#\/schema\/logo\/image\/"}}]}},"_links":{"self":[{"href":"https:\/\/www.teutenhofer.com\/it\/wp-json\/wp\/v2\/pages\/245","targetHints":{"allow":["GET"]}}],"collection":[{"href":"https:\/\/www.teutenhofer.com\/it\/wp-json\/wp\/v2\/pages"}],"about":[{"href":"https:\/\/www.teutenhofer.com\/it\/wp-json\/wp\/v2\/types\/page"}],"author":[{"embeddable":true,"href":"https:\/\/www.teutenhofer.com\/it\/wp-json\/wp\/v2\/users\/1"}],"replies":[{"embeddable":true,"href":"https:\/\/www.teutenhofer.com\/it\/wp-json\/wp\/v2\/comments?post=245"}],"version-history":[{"count":4,"href":"https:\/\/www.teutenhofer.com\/it\/wp-json\/wp\/v2\/pages\/245\/revisions"}],"predecessor-version":[{"id":747,"href":"https:\/\/www.teutenhofer.com\/it\/wp-json\/wp\/v2\/pages\/245\/revisions\/747"}],"wp:attachment":[{"href":"https:\/\/www.teutenhofer.com\/it\/wp-json\/wp\/v2\/media?parent=245"}],"curies":[{"name":"wp","href":"https:\/\/api.w.org\/{rel}","templated":true}]}}